{"id":1067,"date":"2022-11-29T10:21:33","date_gmt":"2022-11-29T09:21:33","guid":{"rendered":"http:\/\/asenhogamarieholm.pingst.se\/?page_id=1067"},"modified":"2023-02-20T10:06:21","modified_gmt":"2023-02-20T09:06:21","slug":"senaste-nytt-fran-etiopien","status":"publish","type":"page","link":"http:\/\/asenhogamarieholm.pingst.se\/index.php\/senaste-nytt-fran-etiopien\/","title":{"rendered":"Etiopien &#8211; Omodalen"},"content":{"rendered":"\n<div class=\"is-layout-flex wp-block-buttons\">\n<div class=\"wp-block-button\"><a class=\"wp-block-button__link wp-element-button\" href=\"#nyheter\" style=\"border-radius:0px\">Till senaste nytt<\/a><\/div>\n<\/div>\n\n\n\n<hr class=\"wp-block-separator has-alpha-channel-opacity is-style-wide\"\/>\n\n\n\n<h2>Om arbetet<\/h2>\n\n\n\n<p>I Etiopiens sydv\u00e4stra h\u00f6rn, men gr\u00e4ns mot Sydsudan och Kenya, ligger Omodalen. I Provinshuvudstaden Jinka samlas regelbundet evangelister fr\u00e5n flertalet stammar f\u00f6r att f\u00e5 ledartr\u00e4ning och bibelundervisning. <\/p>\n\n\n\n<p>I omr\u00e5det v\u00e4xer f\u00f6rsamlingarna fort och nya kyrkor byggs. D\u00e4rf\u00f6r \u00e4r sund bibelundervisning av st\u00f6rsta vikt. <\/p>\n\n\n\n<p>Ledord f\u00f6r v\u00e5r del av verksamheten \u00e4r h\u00e4mtat fr\u00e5n <em><strong>2 Tim 2:2<\/strong> Det du har h\u00f6rt av mig i m\u00e5nga vittnens n\u00e4rvaro, det skall du anf\u00f6rtro \u00e5t p\u00e5litliga m\u00e4nniskor som kan l\u00e4ra ut det i sin tur.<\/em><\/p>\n\n\n\n<figure class=\"wp-block-image size-large\"><img decoding=\"async\" loading=\"lazy\" width=\"1024\" height=\"576\" src=\"http:\/\/asenhogamarieholm.pingst.se\/wp-content\/uploads\/2023\/02\/2019-10-24-12.02.16-1024x576.jpg\" alt=\"\" class=\"wp-image-1257\" srcset=\"http:\/\/asenhogamarieholm.pingst.se\/wp-content\/uploads\/2023\/02\/2019-10-24-12.02.16-1024x576.jpg 1024w, http:\/\/asenhogamarieholm.pingst.se\/wp-content\/uploads\/2023\/02\/2019-10-24-12.02.16-300x169.jpg 300w, http:\/\/asenhogamarieholm.pingst.se\/wp-content\/uploads\/2023\/02\/2019-10-24-12.02.16-768x432.jpg 768w, http:\/\/asenhogamarieholm.pingst.se\/wp-content\/uploads\/2023\/02\/2019-10-24-12.02.16-1536x864.jpg 1536w, http:\/\/asenhogamarieholm.pingst.se\/wp-content\/uploads\/2023\/02\/2019-10-24-12.02.16-2048x1152.jpg 2048w, http:\/\/asenhogamarieholm.pingst.se\/wp-content\/uploads\/2023\/02\/2019-10-24-12.02.16-1600x900.jpg 1600w\" sizes=\"(max-width: 1024px) 100vw, 1024px\" \/><figcaption class=\"wp-element-caption\">Evangelister vid utbildningsvecka i Jinka, oktober 2019<\/figcaption><\/figure>\n\n\n\n<p>M\u00e5let \u00e4r att Etiopierna ska bli sj\u00e4lvg\u00e5ende och redan sk\u00f6ts en stor del av undervisningen av lokala pastorer, med st\u00f6d fr\u00e5n EHBC som \u00e4r det pingstsamfund som startat utifr\u00e5n Svensk pingstmission.<\/p>\n\n\n\n<p>Denna verksamhet sker i samarbete med ett flertal andra pingstf\u00f6rsamlingar. Ansvarig fr\u00e5n Svenskt h\u00e5ll \u00e4r Niclas Madestam, f\u00f6rest\u00e5ndare f\u00f6r Pingst Karlskrona.<\/p>\n\n\n\n<p>V\u00e5r Pastor Joachim har varit med vid flera undervisningsveckor p\u00e5 plats.<\/p>\n\n\n\n<div class=\"wp-block-media-text alignwide has-media-on-the-right\"><div class=\"wp-block-media-text__content\">\n<p>Chanyalew (Channi) \u00e4r pastor i kyrkan i Jinka och v\u00e5r lokala kontakt som h\u00e5ller ihop arbetet i Omodalen.<\/p>\n<\/div><figure class=\"wp-block-media-text__media\"><img decoding=\"async\" loading=\"lazy\" width=\"394\" height=\"509\" src=\"http:\/\/asenhogamarieholm.pingst.se\/wp-content\/uploads\/2023\/02\/Chanyalew.jpg\" alt=\"\" class=\"wp-image-1249 size-full\" srcset=\"http:\/\/asenhogamarieholm.pingst.se\/wp-content\/uploads\/2023\/02\/Chanyalew.jpg 394w, http:\/\/asenhogamarieholm.pingst.se\/wp-content\/uploads\/2023\/02\/Chanyalew-232x300.jpg 232w\" sizes=\"(max-width: 394px) 100vw, 394px\" \/><\/figure><\/div>\n\n\n\n<hr class=\"wp-block-separator has-alpha-channel-opacity is-style-wide\"\/>\n\n\n\n<h2 id=\"nyheter\">Senaste nytt fr\u00e5n Etiopien<\/h2>\n\n\n\n<h4>2022-11-27 Dop i Omorate<\/h4>\n\n\n\n<p>Omorate ligger n\u00e4ra den Sydsudanska och Kenyanska gr\u00e4nsen. D\u00e4r finns Dasanesh-stammen, som n\u00e4r Joachim bes\u00f6kte den 2019 hade endast n\u00e5gra f\u00e5 kristna. F\u00f6rmodligen inte ens hundra stycken. P\u00e5 bilderna och filmen ser du en dopf\u00f6rr\u00e4ttning med inte minde \u00e4n 23 nyfr\u00e4lsta, varav 18 fr\u00e5n Dasanesh.<\/p>\n\n\n\n<p>V\u00e5r v\u00e4n Chanyalew (som har bes\u00f6kt v\u00e5r f\u00f6rsamling) var med vid dopet och har nu startat bibeltr\u00e4ning p\u00e5 platsen.<\/p>\n\n\n\n<p>Tv\u00e5 av dem i lila s\u00e4rkar \u00e4r Chanyalew (Channi) fr\u00e5n Jinka och Ayale som \u00e4r evangelist (vi skulle kalla honom pastor) i Omorate. Bland Dasanesh finns ocks\u00e5 en ung kille som heter Benayam (Benjamin) som var en av de f\u00f6rsta fr\u00e5n Dasanesh att bli fr\u00e4lst och \u00e4r evangelist i en kyrka utanf\u00f6r staden bland Dasanesh-stammen.<br>Alla dessa tre har varit med p\u00e5 bibel-\/ledaretr\u00e4ningen vi gjort i Jinka.<\/p>\n\n\n\n<div class=\"is-layout-constrained wp-block-group\"><div class=\"wp-block-group__inner-container\">\n<figure class=\"is-layout-flex wp-block-gallery-2 wp-block-gallery aligncenter has-nested-images columns-3 is-cropped\">\n<figure class=\"wp-block-image size-large is-style-default\"><a href=\"http:\/\/asenhogamarieholm.pingst.se\/wp-content\/uploads\/2022\/11\/IMG-20221127-WA0001.jpg\"><img decoding=\"async\" loading=\"lazy\" width=\"1024\" height=\"461\" src=\"http:\/\/asenhogamarieholm.pingst.se\/wp-content\/uploads\/2022\/11\/IMG-20221127-WA0001-1024x461.jpg\" alt=\"\" class=\"wp-image-1070\" srcset=\"http:\/\/asenhogamarieholm.pingst.se\/wp-content\/uploads\/2022\/11\/IMG-20221127-WA0001-1024x461.jpg 1024w, http:\/\/asenhogamarieholm.pingst.se\/wp-content\/uploads\/2022\/11\/IMG-20221127-WA0001-300x135.jpg 300w, http:\/\/asenhogamarieholm.pingst.se\/wp-content\/uploads\/2022\/11\/IMG-20221127-WA0001-768x346.jpg 768w, http:\/\/asenhogamarieholm.pingst.se\/wp-content\/uploads\/2022\/11\/IMG-20221127-WA0001.jpg 1040w\" sizes=\"(max-width: 1024px) 100vw, 1024px\" \/><\/a><figcaption class=\"wp-element-caption\">Kyrkans omr\u00e5de i Omorate<\/figcaption><\/figure>\n\n\n\n<figure class=\"wp-block-image size-large\"><a href=\"http:\/\/asenhogamarieholm.pingst.se\/wp-content\/uploads\/2022\/11\/IMG-20221127-WA0003.jpg\"><img decoding=\"async\" loading=\"lazy\" width=\"1024\" height=\"461\" src=\"http:\/\/asenhogamarieholm.pingst.se\/wp-content\/uploads\/2022\/11\/IMG-20221127-WA0003-1024x461.jpg\" alt=\"\" class=\"wp-image-1071\" srcset=\"http:\/\/asenhogamarieholm.pingst.se\/wp-content\/uploads\/2022\/11\/IMG-20221127-WA0003-1024x461.jpg 1024w, http:\/\/asenhogamarieholm.pingst.se\/wp-content\/uploads\/2022\/11\/IMG-20221127-WA0003-300x135.jpg 300w, http:\/\/asenhogamarieholm.pingst.se\/wp-content\/uploads\/2022\/11\/IMG-20221127-WA0003-768x346.jpg 768w, http:\/\/asenhogamarieholm.pingst.se\/wp-content\/uploads\/2022\/11\/IMG-20221127-WA0003.jpg 1040w\" sizes=\"(max-width: 1024px) 100vw, 1024px\" \/><\/a><\/figure>\n\n\n\n<figure class=\"wp-block-image size-large\"><a href=\"http:\/\/asenhogamarieholm.pingst.se\/wp-content\/uploads\/2022\/11\/IMG-20221127-WA0004.jpg\"><img decoding=\"async\" loading=\"lazy\" width=\"1024\" height=\"461\" src=\"http:\/\/asenhogamarieholm.pingst.se\/wp-content\/uploads\/2022\/11\/IMG-20221127-WA0004-1024x461.jpg\" alt=\"\" class=\"wp-image-1072\" srcset=\"http:\/\/asenhogamarieholm.pingst.se\/wp-content\/uploads\/2022\/11\/IMG-20221127-WA0004-1024x461.jpg 1024w, http:\/\/asenhogamarieholm.pingst.se\/wp-content\/uploads\/2022\/11\/IMG-20221127-WA0004-300x135.jpg 300w, http:\/\/asenhogamarieholm.pingst.se\/wp-content\/uploads\/2022\/11\/IMG-20221127-WA0004-768x346.jpg 768w, http:\/\/asenhogamarieholm.pingst.se\/wp-content\/uploads\/2022\/11\/IMG-20221127-WA0004.jpg 1040w\" sizes=\"(max-width: 1024px) 100vw, 1024px\" \/><\/a><figcaption class=\"wp-element-caption\">Chanyalew och Ayale som dopf\u00f6rr\u00e4ttare<\/figcaption><\/figure>\n\n\n\n<figure class=\"wp-block-image size-large\"><a href=\"http:\/\/asenhogamarieholm.pingst.se\/wp-content\/uploads\/2022\/11\/IMG-20221127-WA0005.jpg\"><img decoding=\"async\" loading=\"lazy\" width=\"1024\" height=\"461\" src=\"http:\/\/asenhogamarieholm.pingst.se\/wp-content\/uploads\/2022\/11\/IMG-20221127-WA0005-1024x461.jpg\" alt=\"\" class=\"wp-image-1073\" srcset=\"http:\/\/asenhogamarieholm.pingst.se\/wp-content\/uploads\/2022\/11\/IMG-20221127-WA0005-1024x461.jpg 1024w, http:\/\/asenhogamarieholm.pingst.se\/wp-content\/uploads\/2022\/11\/IMG-20221127-WA0005-300x135.jpg 300w, http:\/\/asenhogamarieholm.pingst.se\/wp-content\/uploads\/2022\/11\/IMG-20221127-WA0005-768x346.jpg 768w, http:\/\/asenhogamarieholm.pingst.se\/wp-content\/uploads\/2022\/11\/IMG-20221127-WA0005.jpg 1040w\" sizes=\"(max-width: 1024px) 100vw, 1024px\" \/><\/a><\/figure>\n<\/figure>\n<\/div><\/div>\n\n\n\n<figure class=\"wp-block-video\"><video controls src=\"http:\/\/asenhogamarieholm.pingst.se\/wp-content\/uploads\/2022\/11\/VID-20221127-WA0002.mp4\"><\/video><figcaption class=\"wp-element-caption\">Dopf\u00f6rr\u00e4ttning i Omorate i Omofloden<\/figcaption><\/figure>\n","protected":false},"excerpt":{"rendered":"<p>Om arbetet I Etiopiens sydv\u00e4stra h\u00f6rn, men gr\u00e4ns mot Sydsudan och Kenya, ligger Omodalen. I Provinshuvudstaden Jinka samlas regelbundet evangelister&hellip;<\/p>\n","protected":false},"author":1,"featured_media":0,"parent":0,"menu_order":0,"comment_status":"closed","ping_status":"closed","template":"","meta":[],"_links":{"self":[{"href":"http:\/\/asenhogamarieholm.pingst.se\/index.php\/wp-json\/wp\/v2\/pages\/1067"}],"collection":[{"href":"http:\/\/asenhogamarieholm.pingst.se\/index.php\/wp-json\/wp\/v2\/pages"}],"about":[{"href":"http:\/\/asenhogamarieholm.pingst.se\/index.php\/wp-json\/wp\/v2\/types\/page"}],"author":[{"embeddable":true,"href":"http:\/\/asenhogamarieholm.pingst.se\/index.php\/wp-json\/wp\/v2\/users\/1"}],"replies":[{"embeddable":true,"href":"http:\/\/asenhogamarieholm.pingst.se\/index.php\/wp-json\/wp\/v2\/comments?post=1067"}],"version-history":[{"count":18,"href":"http:\/\/asenhogamarieholm.pingst.se\/index.php\/wp-json\/wp\/v2\/pages\/1067\/revisions"}],"predecessor-version":[{"id":1258,"href":"http:\/\/asenhogamarieholm.pingst.se\/index.php\/wp-json\/wp\/v2\/pages\/1067\/revisions\/1258"}],"wp:attachment":[{"href":"http:\/\/asenhogamarieholm.pingst.se\/index.php\/wp-json\/wp\/v2\/media?parent=1067"}],"curies":[{"name":"wp","href":"https:\/\/api.w.org\/{rel}","templated":true}]}}