{"id":158,"date":"2019-09-10T09:49:18","date_gmt":"2019-09-10T07:49:18","guid":{"rendered":"http:\/\/asenhogamarieholm.pingst.se\/?page_id=158"},"modified":"2026-03-30T10:25:32","modified_gmt":"2026-03-30T08:25:32","slug":"var-mission","status":"publish","type":"page","link":"http:\/\/asenhogamarieholm.pingst.se\/index.php\/var-mission\/","title":{"rendered":"V\u00e5r Mission"},"content":{"rendered":"\n<p>Vi \u00e4r otroligt tacksamma f\u00f6r m\u00e5nga internationella kontakter. Att str\u00e4cka sig &#8221;till jordens yttersta gr\u00e4ns&#8221; ing\u00e5r i v\u00e5r kallelse som kristna. Tillsammans med m\u00e5nga andra f\u00f6rsamlingar st\u00f6djer vi ett flertal verksamheter genom f\u00f6rb\u00f6n och ekonomi utanf\u00f6r Sveriges gr\u00e4nser.<\/p>\n\n\n\n<p><\/p>\n\n\n\n<div class=\"is-vertical is-layout-flex wp-container-1 wp-block-buttons\">\n<div class=\"wp-block-button is-style-outline\"><a class=\"wp-block-button__link wp-element-button\" href=\"http:\/\/asenhogamarieholm.pingst.se\/index.php\/christopher-shakar\/\" style=\"border-radius:0px\">Pakistan &#8211; Christopher Shakar<\/a><\/div>\n\n\n\n<div class=\"wp-block-button is-style-outline\"><a class=\"wp-block-button__link wp-element-button\" href=\"http:\/\/asenhogamarieholm.pingst.se\/index.php\/village-of-hope-estland\/\" style=\"border-radius:0px\">Estland &#8211; Village of hope<\/a><\/div>\n\n\n\n<div class=\"wp-block-button is-style-outline\"><a class=\"wp-block-button__link wp-element-button\" href=\"http:\/\/asenhogamarieholm.pingst.se\/index.php\/tjernobylbarnens-oas\/\" style=\"border-radius:0px\">Belarus\/Ukraina &#8211; Barnens OAS<\/a><\/div>\n\n\n\n<div class=\"wp-block-button is-style-outline\"><a class=\"wp-block-button__link wp-element-button\" href=\"http:\/\/asenhogamarieholm.pingst.se\/index.php\/senaste-nytt-fran-etiopien\/\" style=\"border-radius:0px\">Etiopien &#8211; Bibeltr\u00e4ning i Omodalen<\/a><\/div>\n\n\n\n<div class=\"wp-block-button is-style-outline\"><a class=\"wp-block-button__link wp-element-button\" style=\"border-radius:0px\">Turkiet &#8211; IBRA<\/a><\/div>\n<\/div>\n","protected":false},"excerpt":{"rendered":"<p>Vi \u00e4r otroligt tacksamma f\u00f6r m\u00e5nga internationella kontakter. Att str\u00e4cka sig &#8221;till jordens yttersta gr\u00e4ns&#8221; ing\u00e5r i v\u00e5r kallelse som&hellip;<\/p>\n","protected":false},"author":1,"featured_media":0,"parent":0,"menu_order":0,"comment_status":"closed","ping_status":"closed","template":"","meta":[],"_links":{"self":[{"href":"http:\/\/asenhogamarieholm.pingst.se\/index.php\/wp-json\/wp\/v2\/pages\/158"}],"collection":[{"href":"http:\/\/asenhogamarieholm.pingst.se\/index.php\/wp-json\/wp\/v2\/pages"}],"about":[{"href":"http:\/\/asenhogamarieholm.pingst.se\/index.php\/wp-json\/wp\/v2\/types\/page"}],"author":[{"embeddable":true,"href":"http:\/\/asenhogamarieholm.pingst.se\/index.php\/wp-json\/wp\/v2\/users\/1"}],"replies":[{"embeddable":true,"href":"http:\/\/asenhogamarieholm.pingst.se\/index.php\/wp-json\/wp\/v2\/comments?post=158"}],"version-history":[{"count":9,"href":"http:\/\/asenhogamarieholm.pingst.se\/index.php\/wp-json\/wp\/v2\/pages\/158\/revisions"}],"predecessor-version":[{"id":2161,"href":"http:\/\/asenhogamarieholm.pingst.se\/index.php\/wp-json\/wp\/v2\/pages\/158\/revisions\/2161"}],"wp:attachment":[{"href":"http:\/\/asenhogamarieholm.pingst.se\/index.php\/wp-json\/wp\/v2\/media?parent=158"}],"curies":[{"name":"wp","href":"https:\/\/api.w.org\/{rel}","templated":true}]}}