{"id":163,"date":"2019-09-10T10:02:35","date_gmt":"2019-09-10T08:02:35","guid":{"rendered":"http:\/\/asenhogamarieholm.pingst.se\/?page_id=163"},"modified":"2023-09-01T10:50:08","modified_gmt":"2023-09-01T08:50:08","slug":"tjernobylbarnens-oas","status":"publish","type":"page","link":"http:\/\/asenhogamarieholm.pingst.se\/index.php\/tjernobylbarnens-oas\/","title":{"rendered":"Barnens Oas"},"content":{"rendered":"\n<p>(Tidigare Tjernobylbarnens Oas)<\/p>\n\n\n\n<p>Sedan starten 1994 har vi varit med och st\u00f6ttat arbetet i Belarus och Ukraina. Du kan l\u00e4sa mer om deras verksamhet p\u00e5 deras egen hemsida.<\/p>\n\n\n\n<p><a href=\"http:\/\/www.tjernobylbarnensoas.se\/\">http:\/\/www.tjernobylbarnensoas.se\/<\/a><\/p>\n\n\n\n<p class=\"has-very-dark-gray-color has-text-color has-medium-font-size\">Ta del av Barnens Oas nyhetsbrev<\/p>\n\n\n\n<div class=\"wp-block-file\"><a id=\"wp-block-file--media-7deb47a7-f658-4274-9d9c-93d8371fabc8\" href=\"http:\/\/asenhogamarieholm.pingst.se\/wp-content\/uploads\/2023\/09\/2023-07-Nyhetsbrev-juli-aug.pdf\">Nyhetsbrev-juli-aug -23<\/a><a href=\"http:\/\/asenhogamarieholm.pingst.se\/wp-content\/uploads\/2023\/09\/2023-07-Nyhetsbrev-juli-aug.pdf\" class=\"wp-block-file__button wp-element-button\" download aria-describedby=\"wp-block-file--media-7deb47a7-f658-4274-9d9c-93d8371fabc8\">Ladda ner<\/a><\/div>\n\n\n\n<div class=\"wp-block-file\"><a id=\"wp-block-file--media-4d591053-d5ab-4960-add6-98bc0d4840cc\" href=\"http:\/\/asenhogamarieholm.pingst.se\/wp-content\/uploads\/2023\/09\/2023-05-Nyhetsbrev-maj-jun-2023.pdf\">Nyhetsbrev-maj-jun -23<\/a><a href=\"http:\/\/asenhogamarieholm.pingst.se\/wp-content\/uploads\/2023\/09\/2023-05-Nyhetsbrev-maj-jun-2023.pdf\" class=\"wp-block-file__button wp-element-button\" download aria-describedby=\"wp-block-file--media-4d591053-d5ab-4960-add6-98bc0d4840cc\">Ladda ner<\/a><\/div>\n\n\n\n<div class=\"wp-block-file\"><a id=\"wp-block-file--media-9256f254-1b7c-4520-abf9-9301e5816ac2\" href=\"http:\/\/asenhogamarieholm.pingst.se\/wp-content\/uploads\/2023\/09\/2023-03-Mars-april-2023.pdf\">Mars-april -23<\/a><a href=\"http:\/\/asenhogamarieholm.pingst.se\/wp-content\/uploads\/2023\/09\/2023-03-Mars-april-2023.pdf\" class=\"wp-block-file__button wp-element-button\" download aria-describedby=\"wp-block-file--media-9256f254-1b7c-4520-abf9-9301e5816ac2\">Ladda ner<\/a><\/div>\n\n\n\n<div class=\"wp-block-file\"><a id=\"wp-block-file--media-9d682ea8-d24d-429f-b772-3b2ab7c10fb3\" href=\"http:\/\/asenhogamarieholm.pingst.se\/wp-content\/uploads\/2023\/09\/2023-01-Nyhetsbrev-2023-jan-feb.pdf\">Nyhetsbrev-jan-feb -23<\/a><a href=\"http:\/\/asenhogamarieholm.pingst.se\/wp-content\/uploads\/2023\/09\/2023-01-Nyhetsbrev-2023-jan-feb.pdf\" class=\"wp-block-file__button wp-element-button\" download aria-describedby=\"wp-block-file--media-9d682ea8-d24d-429f-b772-3b2ab7c10fb3\">Ladda ner<\/a><\/div>\n\n\n\n<div class=\"wp-block-file\"><a id=\"wp-block-file--media-026817ca-d4d8-4fc2-bc4b-09060e599dee\" href=\"http:\/\/asenhogamarieholm.pingst.se\/wp-content\/uploads\/2022\/12\/2022-11-Nyhetsbrev-november-december.pdf\">Nyhetsbrev-november-december -22<\/a><a href=\"http:\/\/asenhogamarieholm.pingst.se\/wp-content\/uploads\/2022\/12\/2022-11-Nyhetsbrev-november-december.pdf\" class=\"wp-block-file__button wp-element-button\" download aria-describedby=\"wp-block-file--media-026817ca-d4d8-4fc2-bc4b-09060e599dee\">Ladda ner<\/a><\/div>\n\n\n\n<div class=\"wp-block-file\"><a id=\"wp-block-file--media-ba9f7d5e-6cc8-4b2c-98b3-14cc5c220b4b\" href=\"http:\/\/asenhogamarieholm.pingst.se\/wp-content\/uploads\/2022\/11\/2022-10-Nyhetsbrev-oktober.pdf\">Nyhetsbrev &#8211; oktober-22<\/a><a href=\"http:\/\/asenhogamarieholm.pingst.se\/wp-content\/uploads\/2022\/11\/2022-10-Nyhetsbrev-oktober.pdf\" class=\"wp-block-file__button wp-element-button\" download aria-describedby=\"wp-block-file--media-ba9f7d5e-6cc8-4b2c-98b3-14cc5c220b4b\">Ladda ner<\/a><\/div>\n\n\n\n<div class=\"wp-block-file\"><a id=\"wp-block-file--media-5ab5e936-f68b-41dd-a6e6-1b8355d8ded2\" href=\"http:\/\/asenhogamarieholm.pingst.se\/wp-content\/uploads\/2022\/10\/2022-09-Nyhetsbrev-sept-1-red.pdf\">Nyhetsbrev &#8211; sept-22<\/a><a href=\"http:\/\/asenhogamarieholm.pingst.se\/wp-content\/uploads\/2022\/10\/2022-09-Nyhetsbrev-sept-1-red.pdf\" class=\"wp-block-file__button wp-element-button\" download aria-describedby=\"wp-block-file--media-5ab5e936-f68b-41dd-a6e6-1b8355d8ded2\">Ladda ner<\/a><\/div>\n\n\n\n<div class=\"wp-block-file\"><a id=\"wp-block-file--media-7bcd3cd9-2967-4509-a147-f9b5e3f07171\" href=\"http:\/\/asenhogamarieholm.pingst.se\/wp-content\/uploads\/2022\/09\/2022-07-Nyhetsbrev-Juli-aug-22.pdf\">Nyhetsbrev &#8211; Juli-aug-22<\/a><a href=\"http:\/\/asenhogamarieholm.pingst.se\/wp-content\/uploads\/2022\/09\/2022-07-Nyhetsbrev-Juli-aug-22.pdf\" class=\"wp-block-file__button wp-element-button\" download aria-describedby=\"wp-block-file--media-7bcd3cd9-2967-4509-a147-f9b5e3f07171\">Ladda ner<\/a><\/div>\n\n\n\n<div class=\"wp-block-file\"><a id=\"wp-block-file--media-a697ae68-f12d-48f2-9bde-b6909779f27b\" href=\"http:\/\/asenhogamarieholm.pingst.se\/wp-content\/uploads\/2022\/09\/2022-06-Nyhetsbrev-juni-2022.pdf\">Nyhetsbrev-  juni-22<\/a><a href=\"http:\/\/asenhogamarieholm.pingst.se\/wp-content\/uploads\/2022\/09\/2022-06-Nyhetsbrev-juni-2022.pdf\" class=\"wp-block-file__button wp-element-button\" download aria-describedby=\"wp-block-file--media-a697ae68-f12d-48f2-9bde-b6909779f27b\">Ladda ner<\/a><\/div>\n\n\n\n<div class=\"wp-block-file\"><a id=\"wp-block-file--media-b912c5d6-b484-461b-b4ca-6ec4e7a45d68\" href=\"http:\/\/asenhogamarieholm.pingst.se\/wp-content\/uploads\/2022\/09\/2022-05-Nyhetsbrev-maj.pdf\">Nyhetsbrev-  maj-22<\/a><a href=\"http:\/\/asenhogamarieholm.pingst.se\/wp-content\/uploads\/2022\/09\/2022-05-Nyhetsbrev-maj.pdf\" class=\"wp-block-file__button wp-element-button\" download aria-describedby=\"wp-block-file--media-b912c5d6-b484-461b-b4ca-6ec4e7a45d68\">Ladda ner<\/a><\/div>\n\n\n\n<div class=\"wp-block-file\"><a id=\"wp-block-file--media-3cef9fab-7b18-4cb1-b0a3-8d74fd3f442e\" href=\"http:\/\/asenhogamarieholm.pingst.se\/wp-content\/uploads\/2022\/09\/2020-04-Nyhetsbrev.pdf\">Nyhetsbrev-april-22<\/a><a href=\"http:\/\/asenhogamarieholm.pingst.se\/wp-content\/uploads\/2022\/09\/2020-04-Nyhetsbrev.pdf\" class=\"wp-block-file__button wp-element-button\" download aria-describedby=\"wp-block-file--media-3cef9fab-7b18-4cb1-b0a3-8d74fd3f442e\">Ladda ner<\/a><\/div>\n\n\n\n<div class=\"wp-block-file\"><a id=\"wp-block-file--media-478508ef-d53d-4c8b-a53a-ae017cfaa158\" href=\"http:\/\/asenhogamarieholm.pingst.se\/wp-content\/uploads\/2022\/09\/2022-03-Nyhetsbrev-mars-2022.pdf\">Nyhetsbrev-mars-2022<\/a><a href=\"http:\/\/asenhogamarieholm.pingst.se\/wp-content\/uploads\/2022\/09\/2022-03-Nyhetsbrev-mars-2022.pdf\" class=\"wp-block-file__button wp-element-button\" download aria-describedby=\"wp-block-file--media-478508ef-d53d-4c8b-a53a-ae017cfaa158\">Ladda ner<\/a><\/div>\n\n\n\n<div class=\"wp-block-file\"><a id=\"wp-block-file--media-7581ebb4-38e1-403c-b9b2-1226e923bc14\" href=\"http:\/\/asenhogamarieholm.pingst.se\/wp-content\/uploads\/2022\/09\/2022-01-Nyhetsbrev-jan-2022.pdf\">Nyhetsbrev-jan-2022<\/a><a href=\"http:\/\/asenhogamarieholm.pingst.se\/wp-content\/uploads\/2022\/09\/2022-01-Nyhetsbrev-jan-2022.pdf\" class=\"wp-block-file__button wp-element-button\" download aria-describedby=\"wp-block-file--media-7581ebb4-38e1-403c-b9b2-1226e923bc14\">Ladda ner<\/a><\/div>\n\n\n\n<div class=\"wp-block-file\"><a id=\"wp-block-file--media-c23b8851-1131-4614-a564-88b7718b204d\" href=\"http:\/\/asenhogamarieholm.pingst.se\/wp-content\/uploads\/2022\/09\/2021-12-Nyhetsbrev-dec-2021.pdf\">Nyhetsbrev-dec-2021<\/a><a href=\"http:\/\/asenhogamarieholm.pingst.se\/wp-content\/uploads\/2022\/09\/2021-12-Nyhetsbrev-dec-2021.pdf\" class=\"wp-block-file__button wp-element-button\" download aria-describedby=\"wp-block-file--media-c23b8851-1131-4614-a564-88b7718b204d\">Ladda ner<\/a><\/div>\n\n\n\n<div class=\"wp-block-file\"><a id=\"wp-block-file--media-72e963f9-d985-4e2a-80c0-e81b45426f2d\" href=\"http:\/\/asenhogamarieholm.pingst.se\/wp-content\/uploads\/2022\/09\/2021-10-Nyhetsbrev-okt-2021.pdf\">Nyhetsbrev-okt-2021<\/a><a href=\"http:\/\/asenhogamarieholm.pingst.se\/wp-content\/uploads\/2022\/09\/2021-10-Nyhetsbrev-okt-2021.pdf\" class=\"wp-block-file__button wp-element-button\" download aria-describedby=\"wp-block-file--media-72e963f9-d985-4e2a-80c0-e81b45426f2d\">Ladda ner<\/a><\/div>\n\n\n\n<div class=\"wp-block-file\"><a id=\"wp-block-file--media-d761406b-de1b-4cae-9ec7-90893652b682\" href=\"http:\/\/asenhogamarieholm.pingst.se\/wp-content\/uploads\/2022\/09\/2021-09-Nyhetsbrev-sept-2021.pdf\">Nyhetsbrev-sept-2021<\/a><a href=\"http:\/\/asenhogamarieholm.pingst.se\/wp-content\/uploads\/2022\/09\/2021-09-Nyhetsbrev-sept-2021.pdf\" class=\"wp-block-file__button wp-element-button\" download aria-describedby=\"wp-block-file--media-d761406b-de1b-4cae-9ec7-90893652b682\">Ladda ner<\/a><\/div>\n\n\n\n<div class=\"wp-block-file\"><a id=\"wp-block-file--media-ce6f05a2-f111-463f-907a-07e75057c350\" href=\"http:\/\/asenhogamarieholm.pingst.se\/wp-content\/uploads\/2022\/09\/2021-08-Nyhetsbrev-aug-2021.pdf\">Nyhetsbrev-aug-2021<\/a><a href=\"http:\/\/asenhogamarieholm.pingst.se\/wp-content\/uploads\/2022\/09\/2021-08-Nyhetsbrev-aug-2021.pdf\" class=\"wp-block-file__button wp-element-button\" download aria-describedby=\"wp-block-file--media-ce6f05a2-f111-463f-907a-07e75057c350\">Ladda ner<\/a><\/div>\n\n\n\n<div class=\"wp-block-file\"><a id=\"wp-block-file--media-c317645d-e9b7-4e34-94aa-17fdb237585f\" href=\"http:\/\/asenhogamarieholm.pingst.se\/wp-content\/uploads\/2022\/09\/2021-06-Nyhetsbrev-juni-juli-2021.pdf\">Nyhetsbrev-juni-juli-2021<\/a><a href=\"http:\/\/asenhogamarieholm.pingst.se\/wp-content\/uploads\/2022\/09\/2021-06-Nyhetsbrev-juni-juli-2021.pdf\" class=\"wp-block-file__button wp-element-button\" download aria-describedby=\"wp-block-file--media-c317645d-e9b7-4e34-94aa-17fdb237585f\">Ladda ner<\/a><\/div>\n\n\n\n<div class=\"wp-block-file\"><a id=\"wp-block-file--media-fe35b2aa-fea2-42ec-b5b8-4cc1ab610ff6\" href=\"http:\/\/asenhogamarieholm.pingst.se\/wp-content\/uploads\/2022\/09\/2021-05-Nyhetsbrev-maj-2021.pdf\">Nyhetsbrev-maj-2021<\/a><a href=\"http:\/\/asenhogamarieholm.pingst.se\/wp-content\/uploads\/2022\/09\/2021-05-Nyhetsbrev-maj-2021.pdf\" class=\"wp-block-file__button wp-element-button\" download aria-describedby=\"wp-block-file--media-fe35b2aa-fea2-42ec-b5b8-4cc1ab610ff6\">Ladda ner<\/a><\/div>\n\n\n\n<div class=\"wp-block-file\"><a id=\"wp-block-file--media-12a5ff19-5c20-4432-95ce-8783089a5afe\" href=\"http:\/\/asenhogamarieholm.pingst.se\/wp-content\/uploads\/2022\/09\/2021-04-Nyhetsbrev-april-2021.pdf\">Nyhetsbrev-april-2021<\/a><a href=\"http:\/\/asenhogamarieholm.pingst.se\/wp-content\/uploads\/2022\/09\/2021-04-Nyhetsbrev-april-2021.pdf\" class=\"wp-block-file__button wp-element-button\" download aria-describedby=\"wp-block-file--media-12a5ff19-5c20-4432-95ce-8783089a5afe\">Ladda ner<\/a><\/div>\n\n\n\n<div class=\"wp-block-file\"><a id=\"wp-block-file--media-69256399-8332-43ce-8283-04a302771a95\" href=\"http:\/\/asenhogamarieholm.pingst.se\/wp-content\/uploads\/2022\/09\/2021-03-Nyhetsbrev-mars-2021.pdf\">Nyhetsbrev-mars-2021<\/a><a href=\"http:\/\/asenhogamarieholm.pingst.se\/wp-content\/uploads\/2022\/09\/2021-03-Nyhetsbrev-mars-2021.pdf\" class=\"wp-block-file__button wp-element-button\" download aria-describedby=\"wp-block-file--media-69256399-8332-43ce-8283-04a302771a95\">Ladda ner<\/a><\/div>\n\n\n\n<div class=\"wp-block-file\"><a id=\"wp-block-file--media-b3798ac6-4bee-4d11-90a5-3ad5709dc17d\" href=\"http:\/\/asenhogamarieholm.pingst.se\/wp-content\/uploads\/2022\/09\/2021-02-Nyhetsbrev-Feb-2021.pdf\">Nyhetsbrev-Feb-2021<\/a><a href=\"http:\/\/asenhogamarieholm.pingst.se\/wp-content\/uploads\/2022\/09\/2021-02-Nyhetsbrev-Feb-2021.pdf\" class=\"wp-block-file__button wp-element-button\" download aria-describedby=\"wp-block-file--media-b3798ac6-4bee-4d11-90a5-3ad5709dc17d\">Ladda ner<\/a><\/div>\n\n\n\n<div class=\"wp-block-file\"><a id=\"wp-block-file--media-3eb31140-9fce-4edd-86e0-9429374688a3\" href=\"http:\/\/asenhogamarieholm.pingst.se\/wp-content\/uploads\/2022\/09\/2021-01-Nyhetsbrev-jan-2021.pdf\">Nyhetsbrev-jan-2021<\/a><a href=\"http:\/\/asenhogamarieholm.pingst.se\/wp-content\/uploads\/2022\/09\/2021-01-Nyhetsbrev-jan-2021.pdf\" class=\"wp-block-file__button wp-element-button\" download aria-describedby=\"wp-block-file--media-3eb31140-9fce-4edd-86e0-9429374688a3\">Ladda ner<\/a><\/div>\n\n\n\n<div class=\"wp-block-file\"><a id=\"wp-block-file--media-182f6dd1-c11b-407b-a27e-a6896bb777b5\" href=\"http:\/\/asenhogamarieholm.pingst.se\/wp-content\/uploads\/2022\/09\/2020-11-Tjernobylbarnens-oas-nyhetsbrev-1.pdf\">Nyhetsbrev-december 2020<\/a><a href=\"http:\/\/asenhogamarieholm.pingst.se\/wp-content\/uploads\/2022\/09\/2020-11-Tjernobylbarnens-oas-nyhetsbrev-1.pdf\" class=\"wp-block-file__button wp-element-button\" download aria-describedby=\"wp-block-file--media-182f6dd1-c11b-407b-a27e-a6896bb777b5\">Ladda ner<\/a><\/div>\n\n\n\n<div class=\"wp-block-file\"><a id=\"wp-block-file--media-1ccddc5b-fb7a-4b24-a965-819971917144\" href=\"http:\/\/asenhogamarieholm.pingst.se\/wp-content\/uploads\/2022\/09\/2020-11-Tjernobylbarnens-oas-nyhetsbrev.pdf\">Nyhetsbrev-november 2020<\/a><a href=\"http:\/\/asenhogamarieholm.pingst.se\/wp-content\/uploads\/2022\/09\/2020-11-Tjernobylbarnens-oas-nyhetsbrev.pdf\" class=\"wp-block-file__button wp-element-button\" download aria-describedby=\"wp-block-file--media-1ccddc5b-fb7a-4b24-a965-819971917144\">Ladda ner<\/a><\/div>\n\n\n\n<div class=\"wp-block-file\"><a id=\"wp-block-file--media-42e900ab-767c-4de1-a2b4-f19443e5ae16\" href=\"http:\/\/asenhogamarieholm.pingst.se\/wp-content\/uploads\/2022\/09\/2020-10-Nyhetsbrev-oktober.pdf\">Nyhetsbrev-oktober 2020<\/a><a href=\"http:\/\/asenhogamarieholm.pingst.se\/wp-content\/uploads\/2022\/09\/2020-10-Nyhetsbrev-oktober.pdf\" class=\"wp-block-file__button wp-element-button\" download aria-describedby=\"wp-block-file--media-42e900ab-767c-4de1-a2b4-f19443e5ae16\">Ladda ner<\/a><\/div>\n\n\n\n<div class=\"wp-block-file\"><a id=\"wp-block-file--media-b1120c88-1839-41c2-ae30-aedd50b0d529\" href=\"http:\/\/asenhogamarieholm.pingst.se\/wp-content\/uploads\/2022\/09\/2020-09-Nyhetsbrev-September.pdf\">Nyhetsbrev-September 2020<\/a><a href=\"http:\/\/asenhogamarieholm.pingst.se\/wp-content\/uploads\/2022\/09\/2020-09-Nyhetsbrev-September.pdf\" class=\"wp-block-file__button wp-element-button\" download aria-describedby=\"wp-block-file--media-b1120c88-1839-41c2-ae30-aedd50b0d529\">Ladda ner<\/a><\/div>\n\n\n\n<div class=\"wp-block-file\"><a id=\"wp-block-file--media-bf001739-bf80-4fa5-93be-2034a9c10131\" href=\"http:\/\/asenhogamarieholm.pingst.se\/wp-content\/uploads\/2020\/09\/2020-08-Tjernobylbarnens-oas.pdf\"> Nyhetsbrev f\u00f6r augusti 2020<\/a><a href=\"http:\/\/asenhogamarieholm.pingst.se\/wp-content\/uploads\/2020\/09\/2020-08-Tjernobylbarnens-oas.pdf\" class=\"wp-block-file__button wp-element-button\" download aria-describedby=\"wp-block-file--media-bf001739-bf80-4fa5-93be-2034a9c10131\">Ladda ner<\/a><\/div>\n\n\n\n<div class=\"wp-block-file\"><a id=\"wp-block-file--media-c4820579-b641-4187-85e7-aaf9485bf081\" href=\"http:\/\/asenhogamarieholm.pingst.se\/wp-content\/uploads\/2020\/09\/2020-06-07-Tjernobylbarnens-oas.pdf\"> Nyhetsbrev f\u00f6r juni-juli 2020<\/a><a href=\"http:\/\/asenhogamarieholm.pingst.se\/wp-content\/uploads\/2020\/09\/2020-06-07-Tjernobylbarnens-oas.pdf\" class=\"wp-block-file__button wp-element-button\" download aria-describedby=\"wp-block-file--media-c4820579-b641-4187-85e7-aaf9485bf081\">Ladda ner<\/a><\/div>\n\n\n\n<div class=\"wp-block-file\"><a id=\"wp-block-file--media-782e4c9f-6b6f-436a-84c2-1b8fb8f32b44\" href=\"http:\/\/asenhogamarieholm.pingst.se\/wp-content\/uploads\/2020\/09\/2020-05-Nyhetsbrev-maj-2020.pdf\"> Nyhetsbrev f\u00f6r maj 2020<\/a><a href=\"http:\/\/asenhogamarieholm.pingst.se\/wp-content\/uploads\/2020\/09\/2020-05-Nyhetsbrev-maj-2020.pdf\" class=\"wp-block-file__button wp-element-button\" download aria-describedby=\"wp-block-file--media-782e4c9f-6b6f-436a-84c2-1b8fb8f32b44\">Ladda ner<\/a><\/div>\n\n\n\n<div class=\"wp-block-file\"><a id=\"wp-block-file--media-fa0e14b7-85e4-421c-bbc6-f5739c7d0257\" href=\"http:\/\/asenhogamarieholm.pingst.se\/wp-content\/uploads\/2020\/09\/2020-04-Nyhetsbrev.pdf\"> Nyhetsbrev f\u00f6r april 2020<\/a><a href=\"http:\/\/asenhogamarieholm.pingst.se\/wp-content\/uploads\/2020\/09\/2020-04-Nyhetsbrev.pdf\" class=\"wp-block-file__button wp-element-button\" download aria-describedby=\"wp-block-file--media-fa0e14b7-85e4-421c-bbc6-f5739c7d0257\">Ladda ner<\/a><\/div>\n\n\n\n<div class=\"wp-block-file\"><a id=\"wp-block-file--media-6b3d3d73-9e93-4f03-a06c-e28efaf5dd37\" href=\"http:\/\/asenhogamarieholm.pingst.se\/wp-content\/uploads\/2020\/09\/2020-03-Nyhetsbrev-mars-2020.pdf\"> Nyhetsbrev f\u00f6r mars 2020<\/a><a href=\"http:\/\/asenhogamarieholm.pingst.se\/wp-content\/uploads\/2020\/09\/2020-03-Nyhetsbrev-mars-2020.pdf\" class=\"wp-block-file__button wp-element-button\" download aria-describedby=\"wp-block-file--media-6b3d3d73-9e93-4f03-a06c-e28efaf5dd37\">Ladda ner<\/a><\/div>\n\n\n\n<div class=\"wp-block-file\"><a id=\"wp-block-file--media-e56e7a21-fd0e-4bd4-833e-89362b47f6f9\" href=\"http:\/\/asenhogamarieholm.pingst.se\/wp-content\/uploads\/2020\/09\/2020-02-Nyhetsbrev-feb-2020-red.pdf\"> Nyhetsbrev f\u00f6r februari 2020<\/a><a href=\"http:\/\/asenhogamarieholm.pingst.se\/wp-content\/uploads\/2020\/09\/2020-02-Nyhetsbrev-feb-2020-red.pdf\" class=\"wp-block-file__button wp-element-button\" download aria-describedby=\"wp-block-file--media-e56e7a21-fd0e-4bd4-833e-89362b47f6f9\">Ladda ner<\/a><\/div>\n\n\n\n<div class=\"wp-block-file\"><a id=\"wp-block-file--media-01acd0ed-1ef2-42e8-8ce1-a0946b0b07bf\" href=\"http:\/\/asenhogamarieholm.pingst.se\/wp-content\/uploads\/2020\/09\/2020-01-Nyhetsbrev-jan-2020-red.-version-2.pdf\">Nyhetsbrev f\u00f6r januari 2020<\/a><a href=\"http:\/\/asenhogamarieholm.pingst.se\/wp-content\/uploads\/2020\/09\/2020-01-Nyhetsbrev-jan-2020-red.-version-2.pdf\" class=\"wp-block-file__button wp-element-button\" download aria-describedby=\"wp-block-file--media-01acd0ed-1ef2-42e8-8ce1-a0946b0b07bf\">Ladda ner<\/a><\/div>\n\n\n\n<div class=\"wp-block-file\"><a id=\"wp-block-file--media-4b6882d3-62bb-4314-acab-c23a861866ae\" href=\"http:\/\/asenhogamarieholm.pingst.se\/wp-content\/uploads\/2020\/01\/201912-Nyhetsbrev-dec-2019-red.pdf\">Nyhetsbrev f\u00f6r december 2019<\/a><a href=\"http:\/\/asenhogamarieholm.pingst.se\/wp-content\/uploads\/2020\/01\/201912-Nyhetsbrev-dec-2019-red.pdf\" class=\"wp-block-file__button wp-element-button\" download aria-describedby=\"wp-block-file--media-4b6882d3-62bb-4314-acab-c23a861866ae\">Ladda ner<\/a><\/div>\n\n\n\n<div class=\"wp-block-file\"><a id=\"wp-block-file--media-9df11abd-a6ca-4054-aa0c-25ce9755f23d\" href=\"http:\/\/asenhogamarieholm.pingst.se\/wp-content\/uploads\/2019\/12\/201911-Tjernobylbarnens-oas.pdf\">Nyhetsbrev f\u00f6r november 2019<\/a><a href=\"http:\/\/asenhogamarieholm.pingst.se\/wp-content\/uploads\/2019\/12\/201911-Tjernobylbarnens-oas.pdf\" class=\"wp-block-file__button wp-element-button\" download aria-describedby=\"wp-block-file--media-9df11abd-a6ca-4054-aa0c-25ce9755f23d\">Ladda ner<\/a><\/div>\n\n\n\n<div class=\"wp-block-file\"><a id=\"wp-block-file--media-b86bd0b6-4d9b-4951-a00c-43d49523731e\" href=\"http:\/\/asenhogamarieholm.pingst.se\/wp-content\/uploads\/2019\/11\/201910-Nyhetsbrev-okt-2019.pdf\">Nyhetsbrev f\u00f6r oktober 2019<\/a><a href=\"http:\/\/asenhogamarieholm.pingst.se\/wp-content\/uploads\/2019\/11\/201910-Nyhetsbrev-okt-2019.pdf\" class=\"wp-block-file__button wp-element-button\" download aria-describedby=\"wp-block-file--media-b86bd0b6-4d9b-4951-a00c-43d49523731e\">Ladda ner<\/a><\/div>\n\n\n\n<p><\/p>\n","protected":false},"excerpt":{"rendered":"<p>(Tidigare Tjernobylbarnens Oas) Sedan starten 1994 har vi varit med och st\u00f6ttat arbetet i Belarus och Ukraina. Du kan l\u00e4sa&hellip;<\/p>\n","protected":false},"author":1,"featured_media":0,"parent":0,"menu_order":0,"comment_status":"closed","ping_status":"closed","template":"","meta":[],"_links":{"self":[{"href":"http:\/\/asenhogamarieholm.pingst.se\/index.php\/wp-json\/wp\/v2\/pages\/163"}],"collection":[{"href":"http:\/\/asenhogamarieholm.pingst.se\/index.php\/wp-json\/wp\/v2\/pages"}],"about":[{"href":"http:\/\/asenhogamarieholm.pingst.se\/index.php\/wp-json\/wp\/v2\/types\/page"}],"author":[{"embeddable":true,"href":"http:\/\/asenhogamarieholm.pingst.se\/index.php\/wp-json\/wp\/v2\/users\/1"}],"replies":[{"embeddable":true,"href":"http:\/\/asenhogamarieholm.pingst.se\/index.php\/wp-json\/wp\/v2\/comments?post=163"}],"version-history":[{"count":22,"href":"http:\/\/asenhogamarieholm.pingst.se\/index.php\/wp-json\/wp\/v2\/pages\/163\/revisions"}],"predecessor-version":[{"id":1405,"href":"http:\/\/asenhogamarieholm.pingst.se\/index.php\/wp-json\/wp\/v2\/pages\/163\/revisions\/1405"}],"wp:attachment":[{"href":"http:\/\/asenhogamarieholm.pingst.se\/index.php\/wp-json\/wp\/v2\/media?parent=163"}],"curies":[{"name":"wp","href":"https:\/\/api.w.org\/{rel}","templated":true}]}}