{"id":190,"date":"2019-10-02T11:21:15","date_gmt":"2019-10-02T09:21:15","guid":{"rendered":"http:\/\/asenhogamarieholm.pingst.se\/?page_id=190"},"modified":"2020-09-14T09:54:32","modified_gmt":"2020-09-14T07:54:32","slug":"village-of-hope-estland","status":"publish","type":"page","link":"http:\/\/asenhogamarieholm.pingst.se\/index.php\/village-of-hope-estland\/","title":{"rendered":"Village of hope &#8211; Estland"},"content":{"rendered":"\n<p>Sedan m\u00e5nga \u00e5r \u00e4r vi med och st\u00f6ttar Village of hope i Estland.<\/p>\n\n\n\n<p>L\u00e4s g\u00e4rna mer p\u00e5 deras hemsida eller facebooksida<\/p>\n\n\n\n<p><a href=\"http:\/\/www.lootusekula.ee\/index.php?page=536\">Hemsida Village of hope<\/a><\/p>\n\n\n\n<p><a href=\"https:\/\/www.facebook.com\/Lootuse-K%C3%BCla-Village-of-Hope-Estonia-147540768593553\/\">Facebook<\/a><\/p>\n","protected":false},"excerpt":{"rendered":"<p>Sedan m\u00e5nga \u00e5r \u00e4r vi med och st\u00f6ttar Village of hope i Estland. L\u00e4s g\u00e4rna mer p\u00e5 deras hemsida eller&hellip;<\/p>\n","protected":false},"author":1,"featured_media":0,"parent":0,"menu_order":0,"comment_status":"closed","ping_status":"closed","template":"","meta":[],"_links":{"self":[{"href":"http:\/\/asenhogamarieholm.pingst.se\/index.php\/wp-json\/wp\/v2\/pages\/190"}],"collection":[{"href":"http:\/\/asenhogamarieholm.pingst.se\/index.php\/wp-json\/wp\/v2\/pages"}],"about":[{"href":"http:\/\/asenhogamarieholm.pingst.se\/index.php\/wp-json\/wp\/v2\/types\/page"}],"author":[{"embeddable":true,"href":"http:\/\/asenhogamarieholm.pingst.se\/index.php\/wp-json\/wp\/v2\/users\/1"}],"replies":[{"embeddable":true,"href":"http:\/\/asenhogamarieholm.pingst.se\/index.php\/wp-json\/wp\/v2\/comments?post=190"}],"version-history":[{"count":4,"href":"http:\/\/asenhogamarieholm.pingst.se\/index.php\/wp-json\/wp\/v2\/pages\/190\/revisions"}],"predecessor-version":[{"id":508,"href":"http:\/\/asenhogamarieholm.pingst.se\/index.php\/wp-json\/wp\/v2\/pages\/190\/revisions\/508"}],"wp:attachment":[{"href":"http:\/\/asenhogamarieholm.pingst.se\/index.php\/wp-json\/wp\/v2\/media?parent=190"}],"curies":[{"name":"wp","href":"https:\/\/api.w.org\/{rel}","templated":true}]}}