{"id":210,"date":"2019-10-09T10:27:19","date_gmt":"2019-10-09T08:27:19","guid":{"rendered":"http:\/\/asenhogamarieholm.pingst.se\/?page_id=210"},"modified":"2026-02-28T14:45:49","modified_gmt":"2026-02-28T13:45:49","slug":"barngrupper","status":"publish","type":"page","link":"http:\/\/asenhogamarieholm.pingst.se\/index.php\/barngrupper\/","title":{"rendered":"Barn"},"content":{"rendered":"\n<p class=\"has-text-align-center has-large-font-size\"><em>Onsdax<\/em><\/p>\n\n\n\n<figure class=\"wp-block-image size-large\"><img decoding=\"async\" loading=\"lazy\" width=\"1024\" height=\"1024\" src=\"http:\/\/asenhogamarieholm.pingst.se\/wp-content\/uploads\/2024\/09\/Onsdax-18.00-1024x1024.png\" alt=\"\" class=\"wp-image-1786\" srcset=\"http:\/\/asenhogamarieholm.pingst.se\/wp-content\/uploads\/2024\/09\/Onsdax-18.00-1024x1024.png 1024w, http:\/\/asenhogamarieholm.pingst.se\/wp-content\/uploads\/2024\/09\/Onsdax-18.00-300x300.png 300w, http:\/\/asenhogamarieholm.pingst.se\/wp-content\/uploads\/2024\/09\/Onsdax-18.00-150x150.png 150w, http:\/\/asenhogamarieholm.pingst.se\/wp-content\/uploads\/2024\/09\/Onsdax-18.00-768x768.png 768w, http:\/\/asenhogamarieholm.pingst.se\/wp-content\/uploads\/2024\/09\/Onsdax-18.00.png 1080w\" sizes=\"(max-width: 1024px) 100vw, 1024px\" \/><\/figure>\n\n\n\n<div class=\"wp-block-file\"><object class=\"wp-block-file__embed\" data=\"https:\/\/asenhogamarieholm.pingst.se\/wp-content\/uploads\/2026\/02\/Onsdax-vt-2026.pdf\" type=\"application\/pdf\" style=\"width:100%;height:600px\" aria-label=\"Inb\u00e4ddning av Schema Onsdax vt 2026.\"><\/object><a id=\"wp-block-file--media-7c1f16fb-3489-4fee-82e2-7c35234c09f0\" href=\"https:\/\/asenhogamarieholm.pingst.se\/wp-content\/uploads\/2026\/02\/Onsdax-vt-2026.pdf\" target=\"_blank\" rel=\"noreferrer noopener\">Schema Onsdax vt 2026<\/a><a href=\"https:\/\/asenhogamarieholm.pingst.se\/wp-content\/uploads\/2026\/02\/Onsdax-vt-2026.pdf\" class=\"wp-block-file__button wp-element-button\" download aria-describedby=\"wp-block-file--media-7c1f16fb-3489-4fee-82e2-7c35234c09f0\">Ladda ner<\/a><\/div>\n\n\n\n<div style=\"height:23px\" aria-hidden=\"true\" class=\"wp-block-spacer\"><\/div>\n\n\n\n<p class=\"has-text-align-center\">Onsdax \u00e4r f\u00f6r dig som g\u00e5r i klass F-6.<\/p>\n\n\n\n<p class=\"has-text-align-center\">N\u00e4r vi tr\u00e4ffas hittar vi alltid p\u00e5 n\u00e5got roligt tillsammans. Lek, pyssel, t\u00e4vling, bakning m.m. st\u00e5r p\u00e5 programmet. <br><br>Varje g\u00e5ng har vi ocks\u00e5 en andakt d\u00e4r vi ber\u00e4ttar n\u00e5got ur Bibeln. <br><br>Varje vecka finns m\u00f6jlighet att ge pengar till v\u00e5rt fadderbarn i Lettland, Nils Vitins, f\u00f6dd 2012.<\/p>\n\n\n\n<hr class=\"wp-block-separator has-css-opacity\"\/>\n\n\n\n<p class=\"has-text-align-center has-large-font-size\"><em>S\u00f6ndagsskola<\/em><\/p>\n\n\n\n<p class=\"has-text-align-center\">Oftast i samband med v\u00e5ra gudstj\u00e4nster \u00e4r det ofta s\u00f6ndagsskola f\u00f6r barnen. Sj\u00e4lvklart \u00e4r alla barn v\u00e4lkomna \u00e4ven dit, oavsett \u00e5lder.<\/p>\n\n\n\n<hr class=\"wp-block-separator has-css-opacity\"\/>\n\n\n\n<p class=\"has-text-align-center has-large-font-size\"><em>Kostnadsfritt<\/em><\/p>\n\n\n\n<p class=\"has-text-align-center\">V\u00e5ra barngrupper \u00e4r kostnadsfria. <br>Fr\u00e5n sex \u00e5r praktiseras medlemskap genom att bekr\u00e4fta det via l\u00e4nk f\u00f6r\u00e4ldern f\u00e5r i ett sms.<br><br> V\u00c4LKOMNA!<br><br> Vid fr\u00e5gor kontakta <br>Joachim Ling 070-869 58 41<\/p>\n\n\n\n<hr class=\"wp-block-separator has-css-opacity is-style-wide\"\/>\n","protected":false},"excerpt":{"rendered":"<p>Onsdax Onsdax \u00e4r f\u00f6r dig som g\u00e5r i klass F-6. N\u00e4r vi tr\u00e4ffas hittar vi alltid p\u00e5 n\u00e5got roligt tillsammans.&hellip;<\/p>\n","protected":false},"author":1,"featured_media":0,"parent":0,"menu_order":0,"comment_status":"closed","ping_status":"closed","template":"","meta":[],"_links":{"self":[{"href":"http:\/\/asenhogamarieholm.pingst.se\/index.php\/wp-json\/wp\/v2\/pages\/210"}],"collection":[{"href":"http:\/\/asenhogamarieholm.pingst.se\/index.php\/wp-json\/wp\/v2\/pages"}],"about":[{"href":"http:\/\/asenhogamarieholm.pingst.se\/index.php\/wp-json\/wp\/v2\/types\/page"}],"author":[{"embeddable":true,"href":"http:\/\/asenhogamarieholm.pingst.se\/index.php\/wp-json\/wp\/v2\/users\/1"}],"replies":[{"embeddable":true,"href":"http:\/\/asenhogamarieholm.pingst.se\/index.php\/wp-json\/wp\/v2\/comments?post=210"}],"version-history":[{"count":62,"href":"http:\/\/asenhogamarieholm.pingst.se\/index.php\/wp-json\/wp\/v2\/pages\/210\/revisions"}],"predecessor-version":[{"id":2150,"href":"http:\/\/asenhogamarieholm.pingst.se\/index.php\/wp-json\/wp\/v2\/pages\/210\/revisions\/2150"}],"wp:attachment":[{"href":"http:\/\/asenhogamarieholm.pingst.se\/index.php\/wp-json\/wp\/v2\/media?parent=210"}],"curies":[{"name":"wp","href":"https:\/\/api.w.org\/{rel}","templated":true}]}}