{"id":214,"date":"2019-10-09T10:26:52","date_gmt":"2019-10-09T08:26:52","guid":{"rendered":"http:\/\/asenhogamarieholm.pingst.se\/?page_id=214"},"modified":"2022-02-13T13:56:46","modified_gmt":"2022-02-13T12:56:46","slug":"om-oss","status":"publish","type":"page","link":"http:\/\/asenhogamarieholm.pingst.se\/index.php\/om-oss\/","title":{"rendered":"Om oss"},"content":{"rendered":"\n<h2>Vilka \u00e4r vi<\/h2>\n\n\n\n<p>Vi vill vara en f\u00f6rsamling som \u00e4lskar Gud, \u00e4lskar m\u00e4nniskor och delar livet.<br>Vem du \u00e4n \u00e4r s\u00e5 \u00e4r du v\u00e4lkommen till v\u00e5r gemenskap. <\/p>\n\n\n\n<p>Vi firar gudstj\u00e4nst s\u00e5 gott som varje s\u00f6ndag i Filadelfia Marieholm, oftast 11.00. <\/p>\n\n\n\n<p>Men kolla programmet f\u00f6r att vara helt s\u00e4ker.<\/p>\n\n\n\n<p>Du kan se programmet under fliken &#8221;<a href=\"http:\/\/asenhogamarieholm.pingst.se\/index.php\/kalender\/\">Kalender<\/a>&#8221;.<\/p>\n\n\n\n<p>V\u00e5ra gudstj\u00e4nster \u00e4r offentliga och du \u00e4r v\u00e4lkommen. <\/p>\n","protected":false},"excerpt":{"rendered":"","protected":false},"author":1,"featured_media":0,"parent":0,"menu_order":0,"comment_status":"closed","ping_status":"closed","template":"","meta":[],"_links":{"self":[{"href":"http:\/\/asenhogamarieholm.pingst.se\/index.php\/wp-json\/wp\/v2\/pages\/214"}],"collection":[{"href":"http:\/\/asenhogamarieholm.pingst.se\/index.php\/wp-json\/wp\/v2\/pages"}],"about":[{"href":"http:\/\/asenhogamarieholm.pingst.se\/index.php\/wp-json\/wp\/v2\/types\/page"}],"author":[{"embeddable":true,"href":"http:\/\/asenhogamarieholm.pingst.se\/index.php\/wp-json\/wp\/v2\/users\/1"}],"replies":[{"embeddable":true,"href":"http:\/\/asenhogamarieholm.pingst.se\/index.php\/wp-json\/wp\/v2\/comments?post=214"}],"version-history":[{"count":3,"href":"http:\/\/asenhogamarieholm.pingst.se\/index.php\/wp-json\/wp\/v2\/pages\/214\/revisions"}],"predecessor-version":[{"id":844,"href":"http:\/\/asenhogamarieholm.pingst.se\/index.php\/wp-json\/wp\/v2\/pages\/214\/revisions\/844"}],"wp:attachment":[{"href":"http:\/\/asenhogamarieholm.pingst.se\/index.php\/wp-json\/wp\/v2\/media?parent=214"}],"curies":[{"name":"wp","href":"https:\/\/api.w.org\/{rel}","templated":true}]}}