{"id":368,"date":"2020-04-09T08:27:12","date_gmt":"2020-04-09T06:27:12","guid":{"rendered":"http:\/\/asenhogamarieholm.pingst.se\/?page_id=368"},"modified":"2021-09-29T22:41:51","modified_gmt":"2021-09-29T20:41:51","slug":"givande","status":"publish","type":"page","link":"http:\/\/asenhogamarieholm.pingst.se\/index.php\/givande\/","title":{"rendered":"Givande"},"content":{"rendered":"\n<p>F\u00f6rsamlingens verksamhet bygger helt p\u00e5 frivilliga g\u00e5vor och du kan vara med och ge p\u00e5 flera olika s\u00e4tt.<\/p>\n\n\n\n<p><strong>Kontant <\/strong>i v\u00e5r insamlingsbox n\u00e4r vi g\u00f6r insamlingar i v\u00e5ra gudstj\u00e4nster.<\/p>\n\n\n\n<p><strong>Bankgiro <\/strong>104-4676<\/p>\n\n\n\n<p><strong>Swish<\/strong>  123 281 76 41 <\/p>\n\n\n\n<p>Eller skanna Qr-koden i din app<\/p>\n\n\n\n<figure class=\"wp-block-image\"><img decoding=\"async\" loading=\"lazy\" width=\"904\" height=\"1024\" src=\"http:\/\/asenhogamarieholm.pingst.se\/wp-content\/uploads\/2021\/09\/Swish-Ge-en-g\u00e5va-904x1024.png\" alt=\"\" class=\"wp-image-790\" srcset=\"http:\/\/asenhogamarieholm.pingst.se\/wp-content\/uploads\/2021\/09\/Swish-Ge-en-g\u00e5va-904x1024.png 904w, http:\/\/asenhogamarieholm.pingst.se\/wp-content\/uploads\/2021\/09\/Swish-Ge-en-g\u00e5va-265x300.png 265w, http:\/\/asenhogamarieholm.pingst.se\/wp-content\/uploads\/2021\/09\/Swish-Ge-en-g\u00e5va-768x870.png 768w, http:\/\/asenhogamarieholm.pingst.se\/wp-content\/uploads\/2021\/09\/Swish-Ge-en-g\u00e5va.png 1500w\" sizes=\"(max-width: 904px) 100vw, 904px\" \/><\/figure>\n\n\n\n<p>N\u00e4r du ger via Swish eller Bankgiro g\u00e5r det till all gemensam verksamhet om du inte m\u00e4rker det med n\u00e5got s\u00e4rskilt. <\/p>\n\n\n\n<p>M\u00e4rk med ex &#8221;MISSION&#8221; om det ska g\u00e5 till v\u00e5r mission. \u00c4r det insamling till n\u00e5got speciellt m\u00e4rker du det med det.<\/p>\n\n\n\n<hr class=\"wp-block-separator is-style-wide\"\/>\n","protected":false},"excerpt":{"rendered":"<p>F\u00f6rsamlingens verksamhet bygger helt p\u00e5 frivilliga g\u00e5vor och du kan vara med och ge p\u00e5 flera olika s\u00e4tt. Kontant i&hellip;<\/p>\n","protected":false},"author":1,"featured_media":0,"parent":0,"menu_order":0,"comment_status":"closed","ping_status":"closed","template":"","meta":[],"_links":{"self":[{"href":"http:\/\/asenhogamarieholm.pingst.se\/index.php\/wp-json\/wp\/v2\/pages\/368"}],"collection":[{"href":"http:\/\/asenhogamarieholm.pingst.se\/index.php\/wp-json\/wp\/v2\/pages"}],"about":[{"href":"http:\/\/asenhogamarieholm.pingst.se\/index.php\/wp-json\/wp\/v2\/types\/page"}],"author":[{"embeddable":true,"href":"http:\/\/asenhogamarieholm.pingst.se\/index.php\/wp-json\/wp\/v2\/users\/1"}],"replies":[{"embeddable":true,"href":"http:\/\/asenhogamarieholm.pingst.se\/index.php\/wp-json\/wp\/v2\/comments?post=368"}],"version-history":[{"count":4,"href":"http:\/\/asenhogamarieholm.pingst.se\/index.php\/wp-json\/wp\/v2\/pages\/368\/revisions"}],"predecessor-version":[{"id":792,"href":"http:\/\/asenhogamarieholm.pingst.se\/index.php\/wp-json\/wp\/v2\/pages\/368\/revisions\/792"}],"wp:attachment":[{"href":"http:\/\/asenhogamarieholm.pingst.se\/index.php\/wp-json\/wp\/v2\/media?parent=368"}],"curies":[{"name":"wp","href":"https:\/\/api.w.org\/{rel}","templated":true}]}}