{"id":40,"date":"2019-05-03T08:14:20","date_gmt":"2019-05-03T08:14:20","guid":{"rendered":"http:\/\/asenhogamarieholm.pingst.se\/?page_id=40"},"modified":"2025-11-02T13:07:55","modified_gmt":"2025-11-02T12:07:55","slug":"kalender","status":"publish","type":"page","link":"http:\/\/asenhogamarieholm.pingst.se\/index.php\/kalender\/","title":{"rendered":"Kalender"},"content":{"rendered":"\n<pre class=\"wp-block-preformatted\"><iframe loading=\"lazy\" src=\"https:\/\/calendar.google.com\/calendar\/embed?src=mpingst%40gmail.com&amp;ctz=Europe%2FStockholm\" style=\"border: 0\" width=\"800\" height=\"600\" frameborder=\"0\" scrolling=\"no\"><\/iframe><\/pre>\n\n\n\n<p>Klicka h\u00e4r f\u00f6r att l\u00e4gga in kalender i din egen kalenderapp<\/p>\n","protected":false},"excerpt":{"rendered":"<p>Klicka h\u00e4r f\u00f6r att l\u00e4gga in kalender i din egen kalenderapp<\/p>\n","protected":false},"author":1,"featured_media":0,"parent":0,"menu_order":0,"comment_status":"closed","ping_status":"closed","template":"","meta":[],"_links":{"self":[{"href":"http:\/\/asenhogamarieholm.pingst.se\/index.php\/wp-json\/wp\/v2\/pages\/40"}],"collection":[{"href":"http:\/\/asenhogamarieholm.pingst.se\/index.php\/wp-json\/wp\/v2\/pages"}],"about":[{"href":"http:\/\/asenhogamarieholm.pingst.se\/index.php\/wp-json\/wp\/v2\/types\/page"}],"author":[{"embeddable":true,"href":"http:\/\/asenhogamarieholm.pingst.se\/index.php\/wp-json\/wp\/v2\/users\/1"}],"replies":[{"embeddable":true,"href":"http:\/\/asenhogamarieholm.pingst.se\/index.php\/wp-json\/wp\/v2\/comments?post=40"}],"version-history":[{"count":17,"href":"http:\/\/asenhogamarieholm.pingst.se\/index.php\/wp-json\/wp\/v2\/pages\/40\/revisions"}],"predecessor-version":[{"id":2119,"href":"http:\/\/asenhogamarieholm.pingst.se\/index.php\/wp-json\/wp\/v2\/pages\/40\/revisions\/2119"}],"wp:attachment":[{"href":"http:\/\/asenhogamarieholm.pingst.se\/index.php\/wp-json\/wp\/v2\/media?parent=40"}],"curies":[{"name":"wp","href":"https:\/\/api.w.org\/{rel}","templated":true}]}}