{"id":52,"date":"2021-02-20T19:00:07","date_gmt":"2021-02-20T18:00:07","guid":{"rendered":"http:\/\/asenhogamarieholm.pingst.se\/?page_id=52"},"modified":"2026-04-26T19:50:16","modified_gmt":"2026-04-26T17:50:16","slug":"hem","status":"publish","type":"page","link":"http:\/\/asenhogamarieholm.pingst.se\/","title":{"rendered":"V\u00e4lkommen hem!"},"content":{"rendered":"\n<hr class=\"wp-block-separator has-css-opacity is-style-wide\"\/>\n\n\n\n<h2>P\u00e5 g\u00e5ng<\/h2>\n\n\n\n<hr class=\"wp-block-separator has-alpha-channel-opacity\"\/>\n\n\n\n<h2 class=\"has-text-align-center\">Morgan Carlsson<br>L\u00f6rdag 9 och s\u00f6ndag 10 maj<\/h2>\n\n\n\n<figure class=\"wp-block-image size-large\"><img decoding=\"async\" loading=\"lazy\" width=\"819\" height=\"1024\" src=\"https:\/\/asenhogamarieholm.pingst.se\/wp-content\/uploads\/2026\/04\/2026-05-09-10-Morgan-Carlsson-819x1024.jpeg\" alt=\"\" class=\"wp-image-2169\" srcset=\"http:\/\/asenhogamarieholm.pingst.se\/wp-content\/uploads\/2026\/04\/2026-05-09-10-Morgan-Carlsson-819x1024.jpeg 819w, http:\/\/asenhogamarieholm.pingst.se\/wp-content\/uploads\/2026\/04\/2026-05-09-10-Morgan-Carlsson-240x300.jpeg 240w, http:\/\/asenhogamarieholm.pingst.se\/wp-content\/uploads\/2026\/04\/2026-05-09-10-Morgan-Carlsson-768x960.jpeg 768w, http:\/\/asenhogamarieholm.pingst.se\/wp-content\/uploads\/2026\/04\/2026-05-09-10-Morgan-Carlsson.jpeg 1080w\" sizes=\"(max-width: 819px) 100vw, 819px\" \/><\/figure>\n\n\n\n<p class=\"has-text-align-center\">Vi f\u00e5r bes\u00f6k av Morgan Carlsson. Ett k\u00e4rt \u00e5terseende.<\/p>\n\n\n\n<p class=\"has-text-align-center\">L\u00f6rdag (fika mellan samlingarna):<br>17.30 Undervisning<br>19.00 kv\u00e4llsm\u00f6te<\/p>\n\n\n\n<p class=\"has-text-align-center\">S\u00f6ndag:<br>11.00 Gudstj\u00e4nst<\/p>\n\n\n\n<hr class=\"wp-block-separator has-alpha-channel-opacity\"\/>\n\n\n\n<figure class=\"wp-block-image size-large\"><img decoding=\"async\" loading=\"lazy\" width=\"1024\" height=\"576\" src=\"http:\/\/asenhogamarieholm.pingst.se\/wp-content\/uploads\/2023\/05\/2023-06-04-Gudstjanst-juni-1024x576.jpg\" alt=\"\" class=\"wp-image-1355\" srcset=\"http:\/\/asenhogamarieholm.pingst.se\/wp-content\/uploads\/2023\/05\/2023-06-04-Gudstjanst-juni-1024x576.jpg 1024w, http:\/\/asenhogamarieholm.pingst.se\/wp-content\/uploads\/2023\/05\/2023-06-04-Gudstjanst-juni-300x169.jpg 300w, http:\/\/asenhogamarieholm.pingst.se\/wp-content\/uploads\/2023\/05\/2023-06-04-Gudstjanst-juni-768x432.jpg 768w, http:\/\/asenhogamarieholm.pingst.se\/wp-content\/uploads\/2023\/05\/2023-06-04-Gudstjanst-juni-1536x864.jpg 1536w, http:\/\/asenhogamarieholm.pingst.se\/wp-content\/uploads\/2023\/05\/2023-06-04-Gudstjanst-juni-2048x1153.jpg 2048w, http:\/\/asenhogamarieholm.pingst.se\/wp-content\/uploads\/2023\/05\/2023-06-04-Gudstjanst-juni-1600x900.jpg 1600w\" sizes=\"(max-width: 1024px) 100vw, 1024px\" \/><figcaption class=\"wp-element-caption\">Vi har oftats gudsjt\u00e4nst varje s\u00f6ndag kl 11.00, men kolla <a href=\"https:\/\/asenhogamarieholm.pingst.se\/index.php\/kalender\/\" data-type=\"page\" data-id=\"40\">kalendern<\/a> f\u00f6r att vara helt s\u00e4ker<\/figcaption><\/figure>\n\n\n\n<p class=\"has-text-align-center\"><strong>OBS! S\u00f6ndag 3 maj \u00e4r gudstj\u00e4nsten 17.00<\/strong><\/p>\n\n\n\n<hr class=\"wp-block-separator has-alpha-channel-opacity\"\/>\n\n\n\n<figure class=\"wp-block-image size-large\"><a href=\"https:\/\/asenhogamarieholm.pingst.se\/index.php\/barngrupper\/\"><img decoding=\"async\" loading=\"lazy\" width=\"1024\" height=\"1024\" src=\"http:\/\/asenhogamarieholm.pingst.se\/wp-content\/uploads\/2024\/09\/Onsdax-18.00-1024x1024.png\" alt=\"Onsdax\nOnsdagar 18.00\nKlass F-6\" class=\"wp-image-1786\" srcset=\"http:\/\/asenhogamarieholm.pingst.se\/wp-content\/uploads\/2024\/09\/Onsdax-18.00-1024x1024.png 1024w, http:\/\/asenhogamarieholm.pingst.se\/wp-content\/uploads\/2024\/09\/Onsdax-18.00-300x300.png 300w, http:\/\/asenhogamarieholm.pingst.se\/wp-content\/uploads\/2024\/09\/Onsdax-18.00-150x150.png 150w, http:\/\/asenhogamarieholm.pingst.se\/wp-content\/uploads\/2024\/09\/Onsdax-18.00-768x768.png 768w, http:\/\/asenhogamarieholm.pingst.se\/wp-content\/uploads\/2024\/09\/Onsdax-18.00.png 1080w\" sizes=\"(max-width: 1024px) 100vw, 1024px\" \/><\/a><figcaption class=\"wp-element-caption\">Klicka p\u00e5 bilden f\u00f6r mer information<\/figcaption><\/figure>\n\n\n\n<hr class=\"wp-block-separator has-alpha-channel-opacity\"\/>\n\n\n\n<figure class=\"wp-block-image size-large\"><img decoding=\"async\" loading=\"lazy\" width=\"1024\" height=\"576\" src=\"http:\/\/asenhogamarieholm.pingst.se\/wp-content\/uploads\/2019\/11\/2019-09-25-B\u00f6nesamling-1024x576.jpg\" alt=\"\" class=\"wp-image-242\" srcset=\"http:\/\/asenhogamarieholm.pingst.se\/wp-content\/uploads\/2019\/11\/2019-09-25-B\u00f6nesamling-1024x576.jpg 1024w, http:\/\/asenhogamarieholm.pingst.se\/wp-content\/uploads\/2019\/11\/2019-09-25-B\u00f6nesamling-300x169.jpg 300w, http:\/\/asenhogamarieholm.pingst.se\/wp-content\/uploads\/2019\/11\/2019-09-25-B\u00f6nesamling-768x432.jpg 768w, http:\/\/asenhogamarieholm.pingst.se\/wp-content\/uploads\/2019\/11\/2019-09-25-B\u00f6nesamling.jpg 1280w\" sizes=\"(max-width: 1024px) 100vw, 1024px\" \/><figcaption class=\"wp-element-caption\">Oftast varje onsdag, kolla <a href=\"https:\/\/asenhogamarieholm.pingst.se\/index.php\/kalender\/\" data-type=\"page\" data-id=\"40\">kalendern<\/a> f\u00f6r s\u00e4kerhets skull<\/figcaption><\/figure>\n\n\n\n<hr class=\"wp-block-separator has-alpha-channel-opacity is-style-wide\"\/>\n\n\n\n<h2>Sj\u00e4lav\u00e5rd<\/h2>\n\n\n\n<p>V\u00e5ra <a href=\"https:\/\/asenhogamarieholm.pingst.se\/index.php\/kontakt\/\">pastorer<\/a> finns till f\u00f6r dig om du beh\u00f6ver samtala. De har tystnadsplikt. <\/p>\n\n\n\n<p>Ibland kan det vara sk\u00f6nt att f\u00e5 samtala med n\u00e5gon utanf\u00f6r de vanliga n\u00e4tverken. Vi ing\u00e5r i V\u00e4rnamobygdens ekumeniska n\u00e4tverk f\u00f6r sj\u00e4lav\u00e5rd. F\u00f6r mer information klicka p\u00e5 bilden nedan.<\/p>\n\n\n\n<figure class=\"wp-block-image size-full\"><a href=\"https:\/\/sjalavard.wordpress.com\/\"><img decoding=\"async\" loading=\"lazy\" width=\"1024\" height=\"726\" src=\"https:\/\/asenhogamarieholm.pingst.se\/wp-content\/uploads\/2023\/10\/Ekumeniskt-natverk-for-sjalavard.webp\" alt=\"\" class=\"wp-image-1463\" srcset=\"http:\/\/asenhogamarieholm.pingst.se\/wp-content\/uploads\/2023\/10\/Ekumeniskt-natverk-for-sjalavard.webp 1024w, http:\/\/asenhogamarieholm.pingst.se\/wp-content\/uploads\/2023\/10\/Ekumeniskt-natverk-for-sjalavard-300x213.webp 300w, http:\/\/asenhogamarieholm.pingst.se\/wp-content\/uploads\/2023\/10\/Ekumeniskt-natverk-for-sjalavard-768x545.webp 768w\" sizes=\"(max-width: 1024px) 100vw, 1024px\" \/><\/a><\/figure>\n\n\n\n<hr class=\"wp-block-separator has-alpha-channel-opacity is-style-wide\"\/>\n\n\n\n<h2>Vilka \u00e4r vi<\/h2>\n\n\n\n<p>Vi vill vara en f\u00f6rsamling som \u00e4lskar Gud, \u00e4lskar m\u00e4nniskor och delar livet.<br>Vem du \u00e4n \u00e4r s\u00e5 \u00e4r du v\u00e4lkommen till v\u00e5r gemenskap. <\/p>\n\n\n\n<p>Vi firar gudstj\u00e4nst s\u00e5 gott som varje s\u00f6ndag i Filadelfia Marieholm, oftast 11.00. <\/p>\n\n\n\n<p>Men kolla programmet f\u00f6r att vara helt s\u00e4ker.<\/p>\n\n\n\n<p>Du kan se programmet under fliken &#8221;<a href=\"http:\/\/asenhogamarieholm.pingst.se\/index.php\/kalender\/\">Kalender<\/a>&#8221;.<\/p>\n\n\n\n<p>V\u00e5ra gudstj\u00e4nster \u00e4r offentliga och du \u00e4r v\u00e4lkommen. <\/p>\n\n\n\n<hr class=\"wp-block-separator has-css-opacity is-style-wide\"\/>\n\n\n\n<p><\/p>\n","protected":false},"excerpt":{"rendered":"<p>P\u00e5 g\u00e5ng Morgan CarlssonL\u00f6rdag 9 och s\u00f6ndag 10 maj Vi f\u00e5r bes\u00f6k av Morgan Carlsson. Ett k\u00e4rt \u00e5terseende. L\u00f6rdag (fika&hellip;<\/p>\n","protected":false},"author":1,"featured_media":0,"parent":0,"menu_order":0,"comment_status":"closed","ping_status":"closed","template":"","meta":[],"_links":{"self":[{"href":"http:\/\/asenhogamarieholm.pingst.se\/index.php\/wp-json\/wp\/v2\/pages\/52"}],"collection":[{"href":"http:\/\/asenhogamarieholm.pingst.se\/index.php\/wp-json\/wp\/v2\/pages"}],"about":[{"href":"http:\/\/asenhogamarieholm.pingst.se\/index.php\/wp-json\/wp\/v2\/types\/page"}],"author":[{"embeddable":true,"href":"http:\/\/asenhogamarieholm.pingst.se\/index.php\/wp-json\/wp\/v2\/users\/1"}],"replies":[{"embeddable":true,"href":"http:\/\/asenhogamarieholm.pingst.se\/index.php\/wp-json\/wp\/v2\/comments?post=52"}],"version-history":[{"count":673,"href":"http:\/\/asenhogamarieholm.pingst.se\/index.php\/wp-json\/wp\/v2\/pages\/52\/revisions"}],"predecessor-version":[{"id":2176,"href":"http:\/\/asenhogamarieholm.pingst.se\/index.php\/wp-json\/wp\/v2\/pages\/52\/revisions\/2176"}],"wp:attachment":[{"href":"http:\/\/asenhogamarieholm.pingst.se\/index.php\/wp-json\/wp\/v2\/media?parent=52"}],"curies":[{"name":"wp","href":"https:\/\/api.w.org\/{rel}","templated":true}]}}