{"id":964,"date":"2022-12-01T08:40:50","date_gmt":"2022-12-01T07:40:50","guid":{"rendered":"http:\/\/asenhogamarieholm.pingst.se\/?page_id=964"},"modified":"2023-02-20T09:26:36","modified_gmt":"2023-02-20T08:26:36","slug":"christopher-shakar","status":"publish","type":"page","link":"http:\/\/asenhogamarieholm.pingst.se\/index.php\/christopher-shakar\/","title":{"rendered":"Christopher Shakar"},"content":{"rendered":"\n<p>Cristopher \u00e4r v\u00e5r inhemska mission\u00e4r i Pakistan. Han lever d\u00e4r tillsammans med sin fru Ruth och deras barn Yesaiah och Christia.<br>Christopher \u00e4r pastor i en f\u00f6rsamling i <a rel=\"noreferrer noopener\" aria-label=\"Abbottabad (\u00f6ppnas i en ny flik)\" href=\"https:\/\/sv.wikipedia.org\/wiki\/Abbottabad\" target=\"_blank\">Abbottabad<\/a>. <\/p>\n\n\n\n<figure class=\"wp-block-image\"><img decoding=\"async\" loading=\"lazy\" width=\"1024\" height=\"576\" src=\"http:\/\/asenhogamarieholm.pingst.se\/wp-content\/uploads\/2022\/09\/2019-Familjen-Christopher-Shakar2-1024x576.jpg\" alt=\"\" class=\"wp-image-970\" srcset=\"http:\/\/asenhogamarieholm.pingst.se\/wp-content\/uploads\/2022\/09\/2019-Familjen-Christopher-Shakar2-1024x576.jpg 1024w, http:\/\/asenhogamarieholm.pingst.se\/wp-content\/uploads\/2022\/09\/2019-Familjen-Christopher-Shakar2-300x169.jpg 300w, http:\/\/asenhogamarieholm.pingst.se\/wp-content\/uploads\/2022\/09\/2019-Familjen-Christopher-Shakar2-768x432.jpg 768w, http:\/\/asenhogamarieholm.pingst.se\/wp-content\/uploads\/2022\/09\/2019-Familjen-Christopher-Shakar2.jpg 1280w\" sizes=\"(max-width: 1024px) 100vw, 1024px\" \/><figcaption class=\"wp-element-caption\">Yesaiah, Ruth, Christopher och Christa<\/figcaption><\/figure>\n\n\n\n<p>Christopher skickar regelbundet nyhetsbrev som vi delar via v\u00e5rt veckobrev.<\/p>\n","protected":false},"excerpt":{"rendered":"<p>Cristopher \u00e4r v\u00e5r inhemska mission\u00e4r i Pakistan. Han lever d\u00e4r tillsammans med sin fru Ruth och deras barn Yesaiah och&hellip;<\/p>\n","protected":false},"author":1,"featured_media":0,"parent":0,"menu_order":0,"comment_status":"closed","ping_status":"closed","template":"","meta":[],"_links":{"self":[{"href":"http:\/\/asenhogamarieholm.pingst.se\/index.php\/wp-json\/wp\/v2\/pages\/964"}],"collection":[{"href":"http:\/\/asenhogamarieholm.pingst.se\/index.php\/wp-json\/wp\/v2\/pages"}],"about":[{"href":"http:\/\/asenhogamarieholm.pingst.se\/index.php\/wp-json\/wp\/v2\/types\/page"}],"author":[{"embeddable":true,"href":"http:\/\/asenhogamarieholm.pingst.se\/index.php\/wp-json\/wp\/v2\/users\/1"}],"replies":[{"embeddable":true,"href":"http:\/\/asenhogamarieholm.pingst.se\/index.php\/wp-json\/wp\/v2\/comments?post=964"}],"version-history":[{"count":2,"href":"http:\/\/asenhogamarieholm.pingst.se\/index.php\/wp-json\/wp\/v2\/pages\/964\/revisions"}],"predecessor-version":[{"id":1089,"href":"http:\/\/asenhogamarieholm.pingst.se\/index.php\/wp-json\/wp\/v2\/pages\/964\/revisions\/1089"}],"wp:attachment":[{"href":"http:\/\/asenhogamarieholm.pingst.se\/index.php\/wp-json\/wp\/v2\/media?parent=964"}],"curies":[{"name":"wp","href":"https:\/\/api.w.org\/{rel}","templated":true}]}}