{"id":62,"date":"2019-05-07T23:14:01","date_gmt":"2019-05-07T21:14:01","guid":{"rendered":"http:\/\/asenhogamarieholm.pingst.se\/?page_id=62"},"modified":"2026-04-26T19:27:40","modified_gmt":"2026-04-26T17:27:40","slug":"lager","status":"publish","type":"page","link":"https:\/\/asenhogamarieholm.pingst.se\/index.php\/lager\/","title":{"rendered":"L\u00e4ger 2026"},"content":{"rendered":"\n<figure class=\"wp-block-image\"><img decoding=\"async\" loading=\"lazy\" width=\"1024\" height=\"202\" src=\"http:\/\/asenhogamarieholm.pingst.se\/wp-content\/uploads\/2019\/05\/Flahult-Logga-1024x202.jpg\" alt=\"\" class=\"wp-image-77\" srcset=\"https:\/\/asenhogamarieholm.pingst.se\/wp-content\/uploads\/2019\/05\/Flahult-Logga-1024x202.jpg 1024w, https:\/\/asenhogamarieholm.pingst.se\/wp-content\/uploads\/2019\/05\/Flahult-Logga-300x59.jpg 300w, https:\/\/asenhogamarieholm.pingst.se\/wp-content\/uploads\/2019\/05\/Flahult-Logga-768x151.jpg 768w, https:\/\/asenhogamarieholm.pingst.se\/wp-content\/uploads\/2019\/05\/Flahult-Logga.jpg 1575w\" sizes=\"(max-width: 1024px) 100vw, 1024px\" \/><\/figure>\n\n\n<div class=\"wp-block-image\">\n<figure class=\"aligncenter size-large\"><img decoding=\"async\" loading=\"lazy\" width=\"1024\" height=\"576\" src=\"https:\/\/asenhogamarieholm.pingst.se\/wp-content\/uploads\/2026\/04\/Barnlager-Liggande-1024x576.jpg\" alt=\"\" class=\"wp-image-2164\" srcset=\"https:\/\/asenhogamarieholm.pingst.se\/wp-content\/uploads\/2026\/04\/Barnlager-Liggande-1024x576.jpg 1024w, https:\/\/asenhogamarieholm.pingst.se\/wp-content\/uploads\/2026\/04\/Barnlager-Liggande-300x169.jpg 300w, https:\/\/asenhogamarieholm.pingst.se\/wp-content\/uploads\/2026\/04\/Barnlager-Liggande-768x432.jpg 768w, https:\/\/asenhogamarieholm.pingst.se\/wp-content\/uploads\/2026\/04\/Barnlager-Liggande-1536x864.jpg 1536w, https:\/\/asenhogamarieholm.pingst.se\/wp-content\/uploads\/2026\/04\/Barnlager-Liggande-1600x900.jpg 1600w, https:\/\/asenhogamarieholm.pingst.se\/wp-content\/uploads\/2026\/04\/Barnlager-Liggande.jpg 1920w\" sizes=\"(max-width: 1024px) 100vw, 1024px\" \/><\/figure><\/div>\n\n\n<figure class=\"wp-block-embed is-type-video is-provider-youtube wp-block-embed-youtube wp-embed-aspect-16-9 wp-has-aspect-ratio\"><div class=\"wp-block-embed__wrapper\">\n<iframe loading=\"lazy\" title=\"Flahult 2026\" width=\"688\" height=\"387\" src=\"https:\/\/www.youtube.com\/embed\/b71DrXjj8d0?feature=oembed\" frameborder=\"0\" allow=\"accelerometer; autoplay; clipboard-write; encrypted-media; gyroscope; picture-in-picture; web-share\" referrerpolicy=\"strict-origin-when-cross-origin\" allowfullscreen><\/iframe>\n<\/div><\/figure>\n\n\n\n<h2>Tisdag 23 juni &#8211; fredag 26 juni<\/h2>\n\n\n\n<p>Flahultsl\u00e4gret \u00e4r ett kristet l\u00e4ger f\u00f6r dej som g\u00e5r i <strong>\u00e5rskurs 2-6<\/strong>. Dagarna \u00e4r fulla av aktiviteter, bibelstudier, kompisar, t\u00e4vlingar, bad och god mat f\u00f6rst\u00e5s! <\/p>\n\n\n\n<p>L\u00e4gret arrangeras av Pingst \u00c5senh\u00f6ga-Marieholm, Pingst Gnosj\u00f6 och Hamnkyrkan Hillerstorp<\/p>\n\n\n\n<p><strong>B\u00f6rjar: <\/strong>Tisdag 23 juni, kl. 11.00<br><strong>Slutar: <\/strong>Fredag 26 juni, kl. 16.00<\/p>\n\n\n\n<p><strong>Plats: <\/strong>Flahults ungdomsg\u00e5rd (vid sj\u00f6n Flaten utanf\u00f6r Hillerstorp.) <\/p>\n\n\n\n<iframe src=\"https:\/\/www.google.com\/maps\/embed?pb=!1m14!1m8!1m3!1d8605.448608257773!2d13.9148853!3d57.3699154!3m2!1i1024!2i768!4f13.1!3m3!1m2!1s0x0%3A0x5e93486aa40c1415!2sFlahults%20Ungdomsg%C3%A5rd!5e0!3m2!1ssv!2sse!4v1620634916096!5m2!1ssv!2sse\" width=\"800\" height=\"200\" style=\"border:0;\" allowfullscreen=\"\" loading=\"lazy\"><\/iframe>\n\n\n\n<div style=\"height:30px\" aria-hidden=\"true\" class=\"wp-block-spacer\"><\/div>\n\n\n\n<p><strong>Pris: <\/strong>L\u00e4geravgiften \u00e4r\u00a0<strong>595 kr per deltagare<\/strong>. Om flera syskon deltar betalar\u00a0<strong>f\u00f6rsta barnet 595 kr och varje ytterligare syskon 495 kr<\/strong>.\u00a0\u00a0<\/p>\n\n\n\n<p>Skulle ni beh\u00f6va hj\u00e4lp att bekosta deltagaravgiften \u00e4r det inga konstigheter i dagens l\u00e4ge. Via Pingst Ung i l\u00e4net kan vi f\u00e5 bidrag f\u00f6r ditt barn. Tveka inte att h\u00f6ra av dig. Vi sk\u00f6ter det sj\u00e4lvklart mycket diskret.<\/p>\n\n\n\n<p>Betalning sker enligt nedan innan l\u00e4gret.<br><strong>Pingstf\u00f6rsamlingen \u00c5senh\u00f6ga &#8211; Marieholm <\/strong><\/p>\n\n\n\n<p><strong>Bankgiro 104 &#8211; 4676 eller Swish 123 281 76 41<\/strong><br>M\u00e4rk inbetalningen med <strong>\u201dFlahult + barnets namn\u201d <\/strong><\/p>\n\n\n\n<p><strong>Fr\u00e5gor<\/strong>:<br>Tveka inte att h\u00f6ra av dig till l\u00e4geransvarig Joachim Ling<br>0708 69 58 41 eller joachim.ling@pingst.se<\/p>\n\n\n\n<p><strong>Anm\u00e4lan:<\/strong> <br>Sker senast 31 maj via formul\u00e4ret nedan.<br>N\u00e4r du \u00e4r anm\u00e4ld kommer du f\u00e5 ett mail med mer information med tex packlistor och annan nyttig info n\u00e5n vecka innan l\u00e4gret.<\/p>\n\n\n\n<figure><iframe loading=\"lazy\" width=\"640\" height=\"2676\" src=\"https:\/\/docs.google.com\/forms\/d\/e\/1FAIpQLSfe2pBZZFDMwjlhL1_yzoudw513Cb8cmgB-yuil-zC-COGUWg\/viewform?embedded=true\"><\/iframe><\/figure>\n\n\n\n<hr class=\"wp-block-separator has-alpha-channel-opacity is-style-wide\"\/>\n","protected":false},"excerpt":{"rendered":"<p>Tisdag 23 juni &#8211; fredag 26 juni Flahultsl\u00e4gret \u00e4r ett kristet l\u00e4ger f\u00f6r dej som g\u00e5r i \u00e5rskurs 2-6. Dagarna&hellip;<\/p>\n","protected":false},"author":1,"featured_media":0,"parent":0,"menu_order":0,"comment_status":"closed","ping_status":"closed","template":"","meta":[],"_links":{"self":[{"href":"https:\/\/asenhogamarieholm.pingst.se\/index.php\/wp-json\/wp\/v2\/pages\/62"}],"collection":[{"href":"https:\/\/asenhogamarieholm.pingst.se\/index.php\/wp-json\/wp\/v2\/pages"}],"about":[{"href":"https:\/\/asenhogamarieholm.pingst.se\/index.php\/wp-json\/wp\/v2\/types\/page"}],"author":[{"embeddable":true,"href":"https:\/\/asenhogamarieholm.pingst.se\/index.php\/wp-json\/wp\/v2\/users\/1"}],"replies":[{"embeddable":true,"href":"https:\/\/asenhogamarieholm.pingst.se\/index.php\/wp-json\/wp\/v2\/comments?post=62"}],"version-history":[{"count":42,"href":"https:\/\/asenhogamarieholm.pingst.se\/index.php\/wp-json\/wp\/v2\/pages\/62\/revisions"}],"predecessor-version":[{"id":2167,"href":"https:\/\/asenhogamarieholm.pingst.se\/index.php\/wp-json\/wp\/v2\/pages\/62\/revisions\/2167"}],"wp:attachment":[{"href":"https:\/\/asenhogamarieholm.pingst.se\/index.php\/wp-json\/wp\/v2\/media?parent=62"}],"curies":[{"name":"wp","href":"https:\/\/api.w.org\/{rel}","templated":true}]}}